{"id":7505,"date":"2025-03-13T07:56:09","date_gmt":"2025-03-13T07:56:09","guid":{"rendered":"https:\/\/baldo.hu\/?page_id=7505"},"modified":"2025-06-05T13:07:08","modified_gmt":"2025-06-05T13:07:08","slug":"about","status":"publish","type":"page","link":"https:\/\/baldo.hu\/hu\/about\/","title":{"rendered":"R\u00f3lunk"},"content":{"rendered":"<div data-elementor-type=\"wp-page\" data-elementor-id=\"7505\" class=\"elementor elementor-7505\" data-elementor-post-type=\"page\">\n\t\t\t\t<div class=\"elementor-element elementor-element-3dc6cdd e-flex e-con-boxed e-con e-parent\" data-id=\"3dc6cdd\" data-element_type=\"container\">\n\t\t\t\t\t<div class=\"e-con-inner\">\n\t\t<div class=\"elementor-element elementor-element-72726e7 e-con-full e-flex e-con e-child\" data-id=\"72726e7\" data-element_type=\"container\">\n\t\t\t\t<div class=\"elementor-element elementor-element-69bd89f elementor-widget elementor-widget-text-editor\" data-id=\"69bd89f\" data-element_type=\"widget\" data-widget_type=\"text-editor.default\">\n\t\t\t\t<div class=\"elementor-widget-container\">\n\t\t\t\t\t\t\t\t\t<p>R\u00f3lunk<\/p>\t\t\t\t\t\t\t\t<\/div>\n\t\t\t\t<\/div>\n\t\t\t\t<div class=\"elementor-element elementor-element-cc08b90 elementor-widget elementor-widget-heading\" data-id=\"cc08b90\" data-element_type=\"widget\" data-widget_type=\"heading.default\">\n\t\t\t\t<div class=\"elementor-widget-container\">\n\t\t\t\t\t<h2 class=\"elementor-heading-title elementor-size-default\">Gondolkod\u00f3k, alkot\u00f3k \u00e9s probl\u00e9mamegold\u00f3k vagyunk, akiket a k\u00edv\u00e1ncsis\u00e1g hajt, \u00e9s akiket megsz\u00e1llottan \u00e9rdekel a hat\u00e1s, amit a m\u00e1rk\u00e1ddal el\u00e9rhet\u00fcnk.<\/h2>\t\t\t\t<\/div>\n\t\t\t\t<\/div>\n\t\t\t\t<div class=\"elementor-element elementor-element-93ef1c5 elementor-widget elementor-widget-text-editor\" data-id=\"93ef1c5\" data-element_type=\"widget\" data-widget_type=\"text-editor.default\">\n\t\t\t\t<div class=\"elementor-widget-container\">\n\t\t\t\t\t\t\t\t\t<p data-start=\"0\" data-end=\"213\">Egy csapat kreat\u00edv, strat\u00e9giai gondolkod\u00f3 \u00e9s t\u00f6rt\u00e9netmes\u00e9l\u0151 vagyunk. Az \u00f6tlett\u0151l a megval\u00f3s\u00edt\u00e1sig gyorsan mozgunk, nagyban gondolkodunk, \u00e9s olyan munk\u00e1t hozunk l\u00e9tre, aminek jelent\u0151s\u00e9ge van. Nemcsak k\u00f6vetj\u00fck a trendeket \u2013 mi alak\u00edtjuk \u0151ket.<\/p>\t\t\t\t\t\t\t\t<\/div>\n\t\t\t\t<\/div>\n\t\t\t\t<div class=\"elementor-element elementor-element-10be229 elementor-widget elementor-widget-button\" data-id=\"10be229\" data-element_type=\"widget\" data-widget_type=\"button.default\">\n\t\t\t\t<div class=\"elementor-widget-container\">\n\t\t\t\t\t\t\t\t\t<div class=\"elementor-button-wrapper\">\n\t\t\t\t\t<a class=\"elementor-button elementor-button-link elementor-size-sm\" href=\"#elementor-action%3Aaction%3Dpopup%3Aopen%26settings%3DeyJpZCI6Ijc5NDciLCJ0b2dnbGUiOmZhbHNlfQ%3D%3D\">\n\t\t\t\t\t\t<span class=\"elementor-button-content-wrapper\">\n\t\t\t\t\t\t\t\t\t<span class=\"elementor-button-text\">Besz\u00e9lj\u00fcnk<\/span>\n\t\t\t\t\t<\/span>\n\t\t\t\t\t<\/a>\n\t\t\t\t<\/div>\n\t\t\t\t\t\t\t\t<\/div>\n\t\t\t\t<\/div>\n\t\t\t\t<\/div>\n\t\t<div class=\"elementor-element elementor-element-21b6dd4 e-con-full e-flex e-con e-child\" data-id=\"21b6dd4\" data-element_type=\"container\">\n\t\t\t\t<\/div>\n\t\t\t\t\t<\/div>\n\t\t\t\t<\/div>\n\t\t\t\t<\/div>","protected":false},"excerpt":{"rendered":"<p>A BALDO egy csapat kreat\u00edv, strat\u00e9giai gondolkod\u00f3 \u00e9s t\u00f6rt\u00e9netmes\u00e9l\u0151, ahol az \u00f6tlett\u0151l a megval\u00f3s\u00edt\u00e1sig gyorsan mozgunk, nagyban gondolkodunk, \u00e9s olyan munk\u00e1t hozunk l\u00e9tre, aminek jelent\u0151s\u00e9ge van. Nemcsak k\u00f6vetj\u00fck a trendeket \u2013 mi alak\u00edtjuk \u0151ket.<\/p>","protected":false},"author":1,"featured_media":0,"parent":0,"menu_order":0,"comment_status":"closed","ping_status":"closed","template":"elementor_header_footer","meta":{"_acf_changed":false,"footnotes":""},"class_list":["post-7505","page","type-page","status-publish","hentry"],"acf":[],"aioseo_notices":[],"_links":{"self":[{"href":"https:\/\/baldo.hu\/hu\/wp-json\/wp\/v2\/pages\/7505","targetHints":{"allow":["GET"]}}],"collection":[{"href":"https:\/\/baldo.hu\/hu\/wp-json\/wp\/v2\/pages"}],"about":[{"href":"https:\/\/baldo.hu\/hu\/wp-json\/wp\/v2\/types\/page"}],"author":[{"embeddable":true,"href":"https:\/\/baldo.hu\/hu\/wp-json\/wp\/v2\/users\/1"}],"replies":[{"embeddable":true,"href":"https:\/\/baldo.hu\/hu\/wp-json\/wp\/v2\/comments?post=7505"}],"version-history":[{"count":25,"href":"https:\/\/baldo.hu\/hu\/wp-json\/wp\/v2\/pages\/7505\/revisions"}],"predecessor-version":[{"id":8405,"href":"https:\/\/baldo.hu\/hu\/wp-json\/wp\/v2\/pages\/7505\/revisions\/8405"}],"wp:attachment":[{"href":"https:\/\/baldo.hu\/hu\/wp-json\/wp\/v2\/media?parent=7505"}],"curies":[{"name":"wp","href":"https:\/\/api.w.org\/{rel}","templated":true}]}}