{"id":3771,"date":"2024-10-19T14:25:51","date_gmt":"2024-10-19T14:25:51","guid":{"rendered":"https:\/\/baldo.hu\/?page_id=3771"},"modified":"2025-07-11T07:34:06","modified_gmt":"2025-07-11T07:34:06","slug":"booking","status":"publish","type":"page","link":"https:\/\/baldo.hu\/hu\/booking\/","title":{"rendered":"Id\u0151pontfoglal\u00e1s"},"content":{"rendered":"<div data-elementor-type=\"wp-page\" data-elementor-id=\"3771\" class=\"elementor elementor-3771\" data-elementor-post-type=\"page\">\n\t\t\t\t<div class=\"elementor-element elementor-element-4e28e05 e-flex e-con-boxed e-con e-parent\" data-id=\"4e28e05\" data-element_type=\"container\" data-e-type=\"container\" data-settings=\"{&quot;background_background&quot;:&quot;classic&quot;}\">\n\t\t\t\t\t<div class=\"e-con-inner\">\n\t\t\t\t<div class=\"elementor-element elementor-element-6751bdb elementor-widget elementor-widget-html\" data-id=\"6751bdb\" data-element_type=\"widget\" data-e-type=\"widget\" data-widget_type=\"html.default\">\n\t\t\t\t<div class=\"elementor-widget-container\">\n\t\t\t\t\t<div style=\"text-align: center; padding: 5vw;\">\n  <!-- Main Heading -->\n  <h1 id=\"heading\" style=\"    font-size: calc(6vw + 6px);    font-family: 'Anton', sans-serif;    text-transform: uppercase;    margin-bottom: 5vw;    color: white;    letter-spacing: 0;    line-height: 1.2;    max-width: 100%;    margin-left: auto;    margin-right: auto;    word-break: break-word;  \">\n    K\u00e9rj\u00fck legy\u00e9l t\u00fcrelemmel, am\u00edg ellen\u0151rizz\u00fck a v\u00e1laszokat.\n  <\/h1>\n\n  <!-- Progress Bar -->\n  <div id=\"progress-container\" style=\"    width: 80%;    margin: 0 auto;    height: 10px;    background: #e0e0e0;    border-radius: 5px;    overflow: hidden;    position: relative;  \">\n    <div id=\"progress-bar\" style=\"      width: 0%;      height: 100%;      background: #F3315C;      transition: width 5s;    \"><\/div>\n  <\/div>\n<\/div>\n\n<script>\n  document.addEventListener(\"DOMContentLoaded\", function () {\n    document.getElementById('progress-bar').style.width = \"100%\";\n\n    setTimeout(function () {\n      document.getElementById('heading').innerText =\n        \"Gratul\u00e1lunk, v\u00e1llalkoz\u00e1sod megfelel, hogy egy\u00fctt dolgozzunk.\";\n      const progressContainer = document.getElementById('progress-container');\n      if (progressContainer) {\n        progressContainer.remove();\n      }\n    }, 5000);\n  });\n<\/script>\n\t\t\t\t<\/div>\n\t\t\t\t<\/div>\n\t\t\t\t<div class=\"elementor-element elementor-element-eeb4aa8 elementor-invisible elementor-widget elementor-widget-text-editor\" data-id=\"eeb4aa8\" data-element_type=\"widget\" data-e-type=\"widget\" data-settings=\"{&quot;_animation&quot;:&quot;fadeIn&quot;,&quot;_animation_delay&quot;:5000}\" data-widget_type=\"text-editor.default\">\n\t\t\t\t<div class=\"elementor-widget-container\">\n\t\t\t\t\t\t\t\t\t<p>Foglald le ingyenes, k\u00f6telezetts\u00e9g n\u00e9lk\u00fcli 27 perces strat\u00e9giai h\u00edv\u00e1sod.<\/p><p>Ha nincs szabad hely, \u00edrj egy e-mailt a hello@baldo.hu c\u00edmre, hogy felker\u00fclj a v\u00e1r\u00f3list\u00e1ra.<\/p>\t\t\t\t\t\t\t\t<\/div>\n\t\t\t\t<\/div>\n\t\t\t\t<div class=\"elementor-element elementor-element-884abbc elementor-widget__width-inherit elementor-widget elementor-widget-html\" data-id=\"884abbc\" data-element_type=\"widget\" data-e-type=\"widget\" data-widget_type=\"html.default\">\n\t\t\t\t<div class=\"elementor-widget-container\">\n\t\t\t\t\t<!-- Calendly inline widget begin -->\n<div id=\"calendly-container\" style=\"display: none; min-width: 320px; width: 100%; height: 700px; border: none;\">\n    <div class=\"calendly-inline-widget\" \n         data-url=\"https:\/\/calendly.com\/hello-baldo\/30min?hide_event_type_details=1&hide_gdpr_banner=1&primary_color=f3315c\" \n         style=\"min-width: 320px; height: 700px;\">\n    <\/div>\n<\/div>\n<script type=\"text\/javascript\" src=\"https:\/\/assets.calendly.com\/assets\/external\/widget.js\" async><\/script>\n<!-- Calendly inline widget end -->\n\n<script>\n    \/\/ Show Calendly after delay\n    document.addEventListener(\"DOMContentLoaded\", function() {\n        \/\/ Delay (e.g., 5 seconds)\n        setTimeout(function() {\n            document.getElementById('calendly-container').style.display = \"block\";\n        }, 5000); \/\/ Adjust the delay time as needed\n    });\n<\/script>\n\t\t\t\t<\/div>\n\t\t\t\t<\/div>\n\t\t\t\t\t<\/div>\n\t\t\t\t<\/div>\n\t\t\t\t<\/div>","protected":false},"excerpt":{"rendered":"<p>Foglald le ingyenes, k\u00f6telezetts\u00e9g n\u00e9lk\u00fcli 27 perces strat\u00e9giai h\u00edv\u00e1sod.<\/p>\n<p>Ha nincs szabad hely, \u00edrj egy e-mailt a hello@baldo.hu c\u00edmre, hogy felker\u00fclj a v\u00e1r\u00f3list\u00e1ra.<\/p>","protected":false},"author":1,"featured_media":0,"parent":0,"menu_order":0,"comment_status":"closed","ping_status":"closed","template":"elementor_header_footer","meta":{"_acf_changed":false,"footnotes":""},"class_list":["post-3771","page","type-page","status-publish","hentry"],"acf":[],"aioseo_notices":[],"_links":{"self":[{"href":"https:\/\/baldo.hu\/hu\/wp-json\/wp\/v2\/pages\/3771","targetHints":{"allow":["GET"]}}],"collection":[{"href":"https:\/\/baldo.hu\/hu\/wp-json\/wp\/v2\/pages"}],"about":[{"href":"https:\/\/baldo.hu\/hu\/wp-json\/wp\/v2\/types\/page"}],"author":[{"embeddable":true,"href":"https:\/\/baldo.hu\/hu\/wp-json\/wp\/v2\/users\/1"}],"replies":[{"embeddable":true,"href":"https:\/\/baldo.hu\/hu\/wp-json\/wp\/v2\/comments?post=3771"}],"version-history":[{"count":85,"href":"https:\/\/baldo.hu\/hu\/wp-json\/wp\/v2\/pages\/3771\/revisions"}],"predecessor-version":[{"id":8499,"href":"https:\/\/baldo.hu\/hu\/wp-json\/wp\/v2\/pages\/3771\/revisions\/8499"}],"wp:attachment":[{"href":"https:\/\/baldo.hu\/hu\/wp-json\/wp\/v2\/media?parent=3771"}],"curies":[{"name":"wp","href":"https:\/\/api.w.org\/{rel}","templated":true}]}}