{"id":3,"date":"2024-03-06T09:17:32","date_gmt":"2024-03-06T09:17:32","guid":{"rendered":"https:\/\/baldo.hu\/?page_id=3"},"modified":"2025-05-24T09:04:05","modified_gmt":"2025-05-24T09:04:05","slug":"privacy-policy","status":"publish","type":"page","link":"https:\/\/baldo.hu\/hu\/privacy-policy\/","title":{"rendered":"Adatkezel\u00e9si t\u00e1j\u00e9koztat\u00f3"},"content":{"rendered":"<div data-elementor-type=\"wp-page\" data-elementor-id=\"3\" class=\"elementor elementor-3\" data-elementor-post-type=\"page\">\n\t\t\t\t<div class=\"elementor-element elementor-element-80978e1 e-flex e-con-boxed e-con e-parent\" data-id=\"80978e1\" data-element_type=\"container\">\n\t\t\t\t\t<div class=\"e-con-inner\">\n\t\t\t\t<div class=\"elementor-element elementor-element-48be7e37 elementor-widget elementor-widget-text-editor\" data-id=\"48be7e37\" data-element_type=\"widget\" data-widget_type=\"text-editor.default\">\n\t\t\t\t<div class=\"elementor-widget-container\">\n\t\t\t\t\t\t\t\t\t<div class=\"wp-block-uagb-advanced-heading uagb-block-e65b1770\">\n<h1 data-start=\"176\" data-end=\"204\"><strong data-start=\"176\" data-end=\"204\">Adatkezel\u00e9si T\u00e1j\u00e9koztat\u00f3<\/strong><\/h1>\n<p data-start=\"206\" data-end=\"393\">Jelen adatkezel\u00e9si t\u00e1j\u00e9koztat\u00f3 bemutatja, hogy a <strong data-start=\"255\" data-end=\"267\">baldo.hu<\/strong> weboldal hogyan gy\u0171jti, haszn\u00e1lja fel \u00e9s osztja meg az \u00d6n adatait, amikor \u00d6n a weboldalunkat \u00e9s szolg\u00e1ltat\u00e1sainkat haszn\u00e1lja.<\/p>\n<p data-start=\"206\" data-end=\"393\">\u00a0<\/p>\n<h3 data-start=\"395\" data-end=\"414\">Gy\u0171jt\u00f6tt adatok<\/h3>\n<p data-start=\"416\" data-end=\"527\">Amikor megl\u00e1togatja weboldalunkat vagy ig\u00e9nybe veszi szolg\u00e1ltat\u00e1sainkat, az al\u00e1bbi t\u00edpus\u00fa adatokat gy\u0171jthetj\u00fck:<\/p>\n<p data-start=\"529\" data-end=\"677\"><strong data-start=\"529\" data-end=\"553\">1. Szem\u00e9lyes adatok:<\/strong> Ilyen lehet p\u00e9ld\u00e1ul az \u00d6n neve, e-mail c\u00edme, telefonsz\u00e1ma, c\u00e9gn\u00e9v, vagy b\u00e1rmely egy\u00e9b inform\u00e1ci\u00f3, amelyet \u00f6nk\u00e9ntesen megad.<\/p>\n<p data-start=\"679\" data-end=\"858\"><strong data-start=\"679\" data-end=\"704\">2. Haszn\u00e1lati adatok:<\/strong> Inform\u00e1ci\u00f3kat gy\u0171jthet\u00fcnk arr\u00f3l, hogyan haszn\u00e1lja a weboldalunkat, p\u00e9ld\u00e1ul IP-c\u00edm\u00e9t, b\u00f6ng\u00e9sz\u0151 t\u00edpus\u00e1t, megl\u00e1togatott oldalakat, \u00e9s a hivatkoz\u00f3 weboldalt.<\/p>\n<p data-start=\"860\" data-end=\"1090\"><strong data-start=\"860\" data-end=\"884\">3. S\u00fctik (cookie-k):<\/strong> Weboldalunk s\u00fctiket \u00e9s hasonl\u00f3 nyomk\u00f6vet\u0151 technol\u00f3gi\u00e1kat haszn\u00e1l a felhaszn\u00e1l\u00f3i \u00e9lm\u00e9ny jav\u00edt\u00e1sa \u00e9rdek\u00e9ben. B\u00f6ng\u00e9sz\u0151je be\u00e1ll\u00edt\u00e1saiban letilthatja a s\u00fctik haszn\u00e1lat\u00e1t, vagy \u00e9rtes\u00edt\u00e9st k\u00e9rhet azok k\u00fcld\u00e9s\u00e9r\u0151l.<\/p>\n<p data-start=\"1092\" data-end=\"1364\"><strong data-start=\"1092\" data-end=\"1112\">4. Pixel adatok:<\/strong> Weboldalunkon Meta Pixel (kor\u00e1bban Facebook Pixel) technol\u00f3gi\u00e1t haszn\u00e1lunk, amely adatokat gy\u0171jt az \u00d6n webhelyhaszn\u00e1lat\u00e1r\u00f3l (p\u00e9ld\u00e1ul megl\u00e1togatott oldalak, m\u0171veletek). Ezek seg\u00edtenek hirdet\u00e9seink optimaliz\u00e1l\u00e1s\u00e1ban \u00e9s a felhaszn\u00e1l\u00f3i \u00e9lm\u00e9ny jav\u00edt\u00e1s\u00e1ban.<\/p>\n<p data-start=\"1092\" data-end=\"1364\">\u00a0<\/p>\n<h3 data-start=\"1366\" data-end=\"1393\">Az adatok felhaszn\u00e1l\u00e1sa<\/h3>\n<p data-start=\"1395\" data-end=\"1457\">Az \u00f6sszegy\u0171jt\u00f6tt adatokat az al\u00e1bbi c\u00e9lokra haszn\u00e1lhatjuk fel:<\/p>\n<ul data-start=\"1459\" data-end=\"1762\">\n<li data-start=\"1459\" data-end=\"1504\">\n<p data-start=\"1461\" data-end=\"1504\">Szolg\u00e1ltat\u00e1saink biztos\u00edt\u00e1sa \u00e9s m\u0171k\u00f6dtet\u00e9se<\/p>\n<\/li>\n<li data-start=\"1505\" data-end=\"1580\">\n<p data-start=\"1507\" data-end=\"1580\">Felhaszn\u00e1l\u00f3i \u00e9lm\u00e9ny szem\u00e9lyre szab\u00e1sa \u00e9s c\u00e9lzott hirdet\u00e9sek megjelen\u00edt\u00e9se<\/p>\n<\/li>\n<li data-start=\"1581\" data-end=\"1645\">\n<p data-start=\"1583\" data-end=\"1645\">Kapcsolattart\u00e1s (pl. k\u00e9rd\u00e9sek megv\u00e1laszol\u00e1sa, \u00fcgyf\u00e9lszolg\u00e1lat)<\/p>\n<\/li>\n<li data-start=\"1646\" data-end=\"1720\">\n<p data-start=\"1648\" data-end=\"1720\">Weboldalunk \u00e9s szolg\u00e1ltat\u00e1saink fejleszt\u00e9se, haszn\u00e1lati trendek elemz\u00e9se<\/p>\n<\/li>\n<li data-start=\"1721\" data-end=\"1762\">\n<p data-start=\"1723\" data-end=\"1762\">Jogszab\u00e1lyi k\u00f6telezetts\u00e9gek teljes\u00edt\u00e9se<\/p>\n<\/li>\n<\/ul>\n<p>\u00a0<\/p>\n<h3 data-start=\"1764\" data-end=\"1785\">Adatok megoszt\u00e1sa<\/h3>\n<p data-start=\"1787\" data-end=\"2015\">Adatait megoszthatjuk harmadik f\u00e9l szolg\u00e1ltat\u00f3kkal, akik seg\u00edtenek weboldalunk \u00e9s szolg\u00e1ltat\u00e1saink m\u0171k\u00f6dtet\u00e9s\u00e9ben. Ezek a partnerek csak a sz\u00fcks\u00e9ges m\u00e9rt\u00e9kben f\u00e9rhetnek hozz\u00e1 az adatokhoz, \u00e9s k\u00f6telesek azokat bizalmasan kezelni.<\/p>\n<p data-start=\"2017\" data-end=\"2214\">Jogszab\u00e1lyi k\u00f6telezetts\u00e9g eset\u00e9n (pl. b\u00edr\u00f3s\u00e1gi hat\u00e1rozat, id\u00e9z\u00e9s) szint\u00e9n megoszthatjuk az adatokat, valamint akkor, ha az jogaink, vagyonunk vagy felhaszn\u00e1l\u00f3ink biztons\u00e1g\u00e1nak v\u00e9delm\u00e9hez sz\u00fcks\u00e9ges.<\/p>\n<p data-start=\"2017\" data-end=\"2214\">\u00a0<\/p>\n<h3 data-start=\"2216\" data-end=\"2232\">Adatmeg\u0151rz\u00e9s<\/h3>\n<p data-start=\"2234\" data-end=\"2382\">Az adatokat csak addig \u0151rizz\u00fck meg, ameddig az ebben a t\u00e1j\u00e9koztat\u00f3ban meghat\u00e1rozott c\u00e9lok el\u00e9r\u00e9s\u00e9hez sz\u00fcks\u00e9ges, vagy ameddig azt jogszab\u00e1ly el\u0151\u00edrja.<\/p>\n<p data-start=\"2234\" data-end=\"2382\">\u00a0<\/p>\n<h3 data-start=\"2384\" data-end=\"2399\">Az \u00d6n jogai<\/h3>\n<p data-start=\"2401\" data-end=\"2585\">\u00d6n jogosult hozz\u00e1f\u00e9rni a szem\u00e9lyes adataihoz, k\u00e9rheti azok helyesb\u00edt\u00e9s\u00e9t, t\u00f6rl\u00e9s\u00e9t, tiltakozhat adatainak kezel\u00e9se ellen, vagy k\u00e9rheti azok kezel\u00e9s\u00e9nek korl\u00e1toz\u00e1s\u00e1t bizonyos esetekben.<\/p>\n<p data-start=\"2401\" data-end=\"2585\">\u00a0<\/p>\n<h3 data-start=\"2587\" data-end=\"2629\">Az adatkezel\u00e9si t\u00e1j\u00e9koztat\u00f3 m\u00f3dos\u00edt\u00e1sa<\/h3>\n<p data-start=\"2631\" data-end=\"2775\">Fenntartjuk a jogot jelen adatkezel\u00e9si t\u00e1j\u00e9koztat\u00f3 b\u00e1rmikori m\u00f3dos\u00edt\u00e1s\u00e1ra. A m\u00f3dos\u00edt\u00e1sok a k\u00f6zz\u00e9t\u00e9tel pillanat\u00e1t\u00f3l l\u00e9pnek hat\u00e1lyba a weboldalon.<\/p>\n<p data-start=\"2631\" data-end=\"2775\">\u00a0<\/p>\n<h3 data-start=\"2777\" data-end=\"2790\">Kapcsolat<\/h3>\n<p data-start=\"2792\" data-end=\"2939\">Ha k\u00e9rd\u00e9se vagy \u00e9szrev\u00e9tele van az adatkezel\u00e9ssel kapcsolatban, k\u00e9rj\u00fck, vegye fel vel\u00fcnk a kapcsolatot az al\u00e1bbi e-mail c\u00edmen:<br data-start=\"2918\" data-end=\"2921\" \/><strong data-start=\"2921\" data-end=\"2939\"><a class=\"cursor-pointer\" rel=\"noopener\" data-start=\"2923\" data-end=\"2937\">hello@baldo.hu<\/a><\/strong><\/p>\n<p data-start=\"2941\" data-end=\"2973\"><strong data-start=\"2941\" data-end=\"2973\">Utols\u00f3 friss\u00edt\u00e9s: 2025.05.24<\/strong><\/p>\n<\/div>\n<p><!-- \/wp:uagb\/advanced-heading --><\/p>\t\t\t\t\t\t\t\t<\/div>\n\t\t\t\t<\/div>\n\t\t\t\t\t<\/div>\n\t\t\t\t<\/div>\n\t\t\t\t<\/div>","protected":false},"excerpt":{"rendered":"<p>Adatkezel\u00e9si T\u00e1j\u00e9koztat\u00f3 Jelen adatkezel\u00e9si t\u00e1j\u00e9koztat\u00f3 bemutatja, hogy a baldo.hu weboldal hogyan gy\u0171jti, haszn\u00e1lja fel \u00e9s osztja meg az \u00d6n adatait, amikor \u00d6n a weboldalunkat \u00e9s szolg\u00e1ltat\u00e1sainkat haszn\u00e1lja. \u00a0 Gy\u0171jt\u00f6tt adatok Amikor megl\u00e1togatja weboldalunkat vagy ig\u00e9nybe veszi szolg\u00e1ltat\u00e1sainkat, az al\u00e1bbi t\u00edpus\u00fa adatokat gy\u0171jthetj\u00fck: 1. Szem\u00e9lyes adatok: Ilyen lehet p\u00e9ld\u00e1ul az \u00d6n neve, e-mail c\u00edme, telefonsz\u00e1ma, c\u00e9gn\u00e9v, [&hellip;]<\/p>","protected":false},"author":1,"featured_media":0,"parent":0,"menu_order":0,"comment_status":"closed","ping_status":"open","template":"elementor_header_footer","meta":{"_acf_changed":false,"footnotes":""},"class_list":["post-3","page","type-page","status-publish","hentry"],"acf":[],"aioseo_notices":[],"_links":{"self":[{"href":"https:\/\/baldo.hu\/hu\/wp-json\/wp\/v2\/pages\/3","targetHints":{"allow":["GET"]}}],"collection":[{"href":"https:\/\/baldo.hu\/hu\/wp-json\/wp\/v2\/pages"}],"about":[{"href":"https:\/\/baldo.hu\/hu\/wp-json\/wp\/v2\/types\/page"}],"author":[{"embeddable":true,"href":"https:\/\/baldo.hu\/hu\/wp-json\/wp\/v2\/users\/1"}],"replies":[{"embeddable":true,"href":"https:\/\/baldo.hu\/hu\/wp-json\/wp\/v2\/comments?post=3"}],"version-history":[{"count":49,"href":"https:\/\/baldo.hu\/hu\/wp-json\/wp\/v2\/pages\/3\/revisions"}],"predecessor-version":[{"id":8257,"href":"https:\/\/baldo.hu\/hu\/wp-json\/wp\/v2\/pages\/3\/revisions\/8257"}],"wp:attachment":[{"href":"https:\/\/baldo.hu\/hu\/wp-json\/wp\/v2\/media?parent=3"}],"curies":[{"name":"wp","href":"https:\/\/api.w.org\/{rel}","templated":true}]}}